{"id":7,"date":"2023-03-08T09:54:45","date_gmt":"2023-03-08T09:54:45","guid":{"rendered":"http:\/\/www.stardate8723.com\/?page_id=7"},"modified":"2023-09-10T15:59:37","modified_gmt":"2023-09-10T15:59:37","slug":"kleidung","status":"publish","type":"page","link":"https:\/\/www.stardate8723.com\/","title":{"rendered":"Danke!"},"content":{"rendered":"\n<h2 class=\"wp-block-heading has-large-font-size\">Danke!<\/h2>\n\n\n\n<p><\/p>\n\n\n\n<p class=\"has-text-align-center has-medium-font-size\">Liebe G\u00e4ste,<\/p>\n\n\n\n<p class=\"has-text-align-center has-medium-font-size\">wir haben uns so gefreut, dass Ihr alle da wart und mit uns gefeiert habt! \ud83d\ude42 <\/p>\n\n\n\n<p class=\"has-text-align-center has-medium-font-size\">Es war ein ganz besonderer und toller Tag mit Euch, den wir nie vergessen werden! \ud83d\ude42 <\/p>\n\n\n\n<p class=\"has-text-align-center has-medium-font-size\">Danke &#8211; auch f\u00fcr die vielen tollen Geschenke!!!<\/p>\n\n\n\n<p class=\"has-text-align-center has-large-font-size\"><\/p>\n\n\n\n<h2 class=\"wp-block-heading has-medium-font-size\"><strong>Hier gibt&#8217;s Fotos:<\/strong><\/h2>\n\n\n\n<p class=\"has-medium-font-size\"><a href=\"https:\/\/www.picdrop.com\/stardate8723\/ihMEyrLwf4\" target=\"_blank\" rel=\"noreferrer noopener\">Standesamtliche Trauung mit anschlie\u00dfendem Brunch<\/a><\/p>\n\n\n\n<p class=\"has-medium-font-size\"><a href=\"https:\/\/www.picdrop.com\/stardate8723\/WCQc2BnGNr\" target=\"_blank\" rel=\"noreferrer noopener\">Auf- und Abbau am Hohen List<\/a><\/p>\n\n\n\n<p class=\"has-medium-font-size\"><a href=\"https:\/\/www.picdrop.com\/stardate8723\/esuyCUMW7H\" target=\"_blank\" rel=\"noreferrer noopener\">Feier am Hohen List<\/a><\/p>\n\n\n\n<p class=\"has-text-align-center\">F\u00fcr die Online-Galerie haben wir die Aufl\u00f6sung der Fotos reduziert. Falls ihr bestimmte Bilder gerne in hoher Aufl\u00f6sung h\u00e4ttet, meldet euch einfach bei uns \ud83d\ude42<\/p>\n","protected":false},"excerpt":{"rendered":"<p>Danke! Liebe G\u00e4ste, wir haben uns so gefreut, dass Ihr alle da wart und mit uns gefeiert habt! \ud83d\ude42 Es war ein ganz besonderer und toller Tag mit Euch, den wir nie vergessen werden! \ud83d\ude42 Danke &#8211; auch f\u00fcr die vielen tollen Geschenke!!! Hier gibt&#8217;s Fotos: Standesamtliche Trauung mit anschlie\u00dfendem Brunch Auf- und Abbau am [&hellip;]<\/p>\n","protected":false},"author":1,"featured_media":0,"parent":0,"menu_order":0,"comment_status":"closed","ping_status":"closed","template":"","meta":{"footnotes":""},"class_list":["post-7","page","type-page","status-publish","hentry"],"_links":{"self":[{"href":"https:\/\/www.stardate8723.com\/index.php?rest_route=\/wp\/v2\/pages\/7","targetHints":{"allow":["GET"]}}],"collection":[{"href":"https:\/\/www.stardate8723.com\/index.php?rest_route=\/wp\/v2\/pages"}],"about":[{"href":"https:\/\/www.stardate8723.com\/index.php?rest_route=\/wp\/v2\/types\/page"}],"author":[{"embeddable":true,"href":"https:\/\/www.stardate8723.com\/index.php?rest_route=\/wp\/v2\/users\/1"}],"replies":[{"embeddable":true,"href":"https:\/\/www.stardate8723.com\/index.php?rest_route=%2Fwp%2Fv2%2Fcomments&post=7"}],"version-history":[{"count":25,"href":"https:\/\/www.stardate8723.com\/index.php?rest_route=\/wp\/v2\/pages\/7\/revisions"}],"predecessor-version":[{"id":392,"href":"https:\/\/www.stardate8723.com\/index.php?rest_route=\/wp\/v2\/pages\/7\/revisions\/392"}],"wp:attachment":[{"href":"https:\/\/www.stardate8723.com\/index.php?rest_route=%2Fwp%2Fv2%2Fmedia&parent=7"}],"curies":[{"name":"wp","href":"https:\/\/api.w.org\/{rel}","templated":true}]}}